{"id":5,"date":"2008-12-09T11:43:39","date_gmt":"2008-12-09T10:43:39","guid":{"rendered":"http:\/\/www.refugiodelizara.com\/blog\/?page_id=5"},"modified":"2023-04-10T11:39:23","modified_gmt":"2023-04-10T10:39:23","slug":"el-refugio","status":"publish","type":"page","link":"https:\/\/www.refugiodelizara.com\/blog\/?page_id=5","title":{"rendered":"El refugio"},"content":{"rendered":"\n<figure class=\"wp-block-image size-large\"><a href=\"https:\/\/www.refugiodelizara.com\/blog\/wp-content\/uploads\/2023\/04\/IMG20230321130321-2-scaled.jpg\"><img loading=\"lazy\" decoding=\"async\" width=\"1024\" height=\"768\" src=\"https:\/\/www.refugiodelizara.com\/blog\/wp-content\/uploads\/2023\/04\/IMG20230321130321-2-1024x768.jpg\" alt=\"\" class=\"wp-image-1609\" srcset=\"https:\/\/www.refugiodelizara.com\/blog\/wp-content\/uploads\/2023\/04\/IMG20230321130321-2-1024x768.jpg 1024w, https:\/\/www.refugiodelizara.com\/blog\/wp-content\/uploads\/2023\/04\/IMG20230321130321-2-300x225.jpg 300w, https:\/\/www.refugiodelizara.com\/blog\/wp-content\/uploads\/2023\/04\/IMG20230321130321-2-768x576.jpg 768w, https:\/\/www.refugiodelizara.com\/blog\/wp-content\/uploads\/2023\/04\/IMG20230321130321-2-1536x1152.jpg 1536w, https:\/\/www.refugiodelizara.com\/blog\/wp-content\/uploads\/2023\/04\/IMG20230321130321-2-2048x1536.jpg 2048w\" sizes=\"auto, (max-width: 1024px) 100vw, 1024px\" \/><\/a><\/figure>\n\n\n<div class=\"entry\">\n<p>El refugio de Lizara est\u00e1 situado a 9 km. de la localidad de Arag\u00fces del Puerto y pertenece a la Federaci\u00f3n Aragonesa de monta\u00f1ismo.<\/p>\n<p>Tiene una capacidad para 75 plazas en habitaciones con literas y ba\u00f1o.<\/p>\n<p><!-- [if gte mso 9]><xml> <w:worddocument> <w:view>Normal<\/w:view> <w:zoom>0<\/w:zoom> <w:hyphenationzone>21<\/w:hyphenationzone> <w:punctuationkerning><\/w:punctuationkerning> <w:validateagainstschemas><\/w:validateagainstschemas> <w:saveifxmlinvalid>false<\/w:saveifxmlinvalid> <w:ignoremixedcontent>false<\/w:ignoremixedcontent> <w:alwaysshowplaceholdertext>false<\/w:alwaysshowplaceholdertext> <w:compatibility> <w:breakwrappedtables><\/w:breakwrappedtables> <w:snaptogridincell><\/w:snaptogridincell> <w:wraptextwithpunct><\/w:wraptextwithpunct> <w:useasianbreakrules><\/w:useasianbreakrules> <w:dontgrowautofit><\/w:dontgrowautofit> <\/w:compatibility> <w:browserlevel>MicrosoftInternetExplorer4<\/w:browserlevel> <\/w:worddocument> <\/xml><![endif]--><!-- [if gte mso 9]><xml> <w:latentstyles DefLockedState=\"false\" LatentStyleCount=\"156\"> <\/w:latentstyles> <\/xml><![endif]--> <!-- [if gte mso 10]>\n<mce:style><!   \/* Style Definitions *\/  table.MsoNormalTable \t{mso-style-name:\"Tabla normal\"; \tmso-tstyle-rowband-size:0; \tmso-tstyle-colband-size:0; \tmso-style-noshow:yes; \tmso-style-parent:\"\"; \tmso-padding-alt:0cm 5.4pt 0cm 5.4pt; \tmso-para-margin:0cm; \tmso-para-margin-bottom:.0001pt; \tmso-pagination:widow-orphan; \tfont-size:10.0pt; \tfont-family:\"Times New Roman\"; \tmso-ansi-language:#0400; \tmso-fareast-language:#0400; \tmso-bidi-language:#0400;} --><\/mce:style><\/p>\n<p><!--[endif]-->Dispone de\u00a0 10 habitaciones, 1 grande de 16 literas con dos ba\u00f1os con ducha y el resto son de 8 literas con un ba\u00f1o con ducha, estas est\u00e1n situadas en la 1\u00aa planta.<\/p>\n<p class=\"MsoNormal\">En la planta baja tenemos el bar, el sal\u00f3n comedor, la cocina libre, dos lavabos y el aula polivalente.<\/p>\n<p class=\"MsoNormal\">Hay taquillas tanto arriba como en la planta inferior.<\/p>\n<p class=\"MsoNormal\">\u00a0<\/p>\n<p class=\"MsoNormal\"><strong>SERVICIOS:<\/strong><\/p>\n<p class=\"MsoNormal\">El refugio a parte de ser un punto de socorro os ofrece diferentes servicios:<\/p>\n<ul>\n<li class=\"MsoNormal\">Alojamiento<\/li>\n<li class=\"MsoNormal\">Restauraci\u00f3n<\/li>\n<li class=\"MsoNormal\">Bar<\/li>\n<li>Aula de formaci\u00f3n<\/li>\n<li class=\"MsoNormal\">Alquiler de taquillas<\/li>\n<li class=\"MsoNormal\">Alquiler de raquetas<\/li>\n<li class=\"MsoNormal\">Alquiler de sabanas<\/li>\n<li>Alquiler de equipos de esqu\u00ed de fondo<\/li>\n<li>Alquiler de material de ferratas<\/li>\n<\/ul>\n<p class=\"MsoNormal\">A parte de se un punto de informaci\u00f3n de rutas y paseos por la zona.<\/p>\n<\/div>","protected":false},"excerpt":{"rendered":"<p>El refugio de Lizara est\u00e1 situado a 9 km. de la localidad de Arag\u00fces del Puerto y pertenece a la Federaci\u00f3n Aragonesa de monta\u00f1ismo. Tiene una capacidad para 75 plazas en habitaciones con literas y ba\u00f1o. Dispone de\u00a0 10 habitaciones, &hellip; <a href=\"https:\/\/www.refugiodelizara.com\/blog\/?page_id=5\">Sigue leyendo <span class=\"meta-nav\">&rarr;<\/span><\/a><\/p>\n","protected":false},"author":1,"featured_media":0,"parent":0,"menu_order":0,"comment_status":"open","ping_status":"open","template":"","meta":{"_monsterinsights_skip_tracking":false,"_monsterinsights_sitenote_active":false,"_monsterinsights_sitenote_note":"","_monsterinsights_sitenote_category":0,"footnotes":"","_links_to":"","_links_to_target":""},"class_list":["post-5","page","type-page","status-publish","hentry"],"aioseo_notices":[],"_links":{"self":[{"href":"https:\/\/www.refugiodelizara.com\/blog\/index.php?rest_route=\/wp\/v2\/pages\/5","targetHints":{"allow":["GET"]}}],"collection":[{"href":"https:\/\/www.refugiodelizara.com\/blog\/index.php?rest_route=\/wp\/v2\/pages"}],"about":[{"href":"https:\/\/www.refugiodelizara.com\/blog\/index.php?rest_route=\/wp\/v2\/types\/page"}],"author":[{"embeddable":true,"href":"https:\/\/www.refugiodelizara.com\/blog\/index.php?rest_route=\/wp\/v2\/users\/1"}],"replies":[{"embeddable":true,"href":"https:\/\/www.refugiodelizara.com\/blog\/index.php?rest_route=%2Fwp%2Fv2%2Fcomments&post=5"}],"version-history":[{"count":11,"href":"https:\/\/www.refugiodelizara.com\/blog\/index.php?rest_route=\/wp\/v2\/pages\/5\/revisions"}],"predecessor-version":[{"id":1612,"href":"https:\/\/www.refugiodelizara.com\/blog\/index.php?rest_route=\/wp\/v2\/pages\/5\/revisions\/1612"}],"wp:attachment":[{"href":"https:\/\/www.refugiodelizara.com\/blog\/index.php?rest_route=%2Fwp%2Fv2%2Fmedia&parent=5"}],"curies":[{"name":"wp","href":"https:\/\/api.w.org\/{rel}","templated":true}]}}