{"id":30,"date":"2008-12-09T14:48:32","date_gmt":"2008-12-09T13:48:32","guid":{"rendered":"http:\/\/www.refugiodelizara.com\/blog\/?page_id=30"},"modified":"2023-04-10T11:22:06","modified_gmt":"2023-04-10T10:22:06","slug":"contacto","status":"publish","type":"page","link":"https:\/\/www.refugiodelizara.com\/blog\/?page_id=30","title":{"rendered":"Contacto"},"content":{"rendered":"<p>Para cualquier consulta, puedes contactar v\u00eda e-mail: <strong>info@refugiodelizara.com<\/strong> o por tel\u00e9fono al n\u00famero: <strong>974 348433<\/strong><\/p>\n<p><img loading=\"lazy\" decoding=\"async\" class=\"\" src=\"https:\/\/travesiapirenaica.b-cdn.net\/wp-content\/uploads\/2018\/06\/Refugio-de-Lizara.jpg\" alt=\"Refugio de Lizara - Traves\u00eda.\" width=\"632\" height=\"416\" \/><\/p>\n","protected":false},"excerpt":{"rendered":"<p>Para cualquier consulta, puedes contactar v\u00eda e-mail: info@refugiodelizara.com o por tel\u00e9fono al n\u00famero: 974 348433<\/p>\n","protected":false},"author":1,"featured_media":0,"parent":0,"menu_order":0,"comment_status":"open","ping_status":"open","template":"","meta":{"_monsterinsights_skip_tracking":false,"_monsterinsights_sitenote_active":false,"_monsterinsights_sitenote_note":"","_monsterinsights_sitenote_category":0,"footnotes":"","_links_to":"","_links_to_target":""},"class_list":["post-30","page","type-page","status-publish","hentry"],"aioseo_notices":[],"_links":{"self":[{"href":"https:\/\/www.refugiodelizara.com\/blog\/index.php?rest_route=\/wp\/v2\/pages\/30","targetHints":{"allow":["GET"]}}],"collection":[{"href":"https:\/\/www.refugiodelizara.com\/blog\/index.php?rest_route=\/wp\/v2\/pages"}],"about":[{"href":"https:\/\/www.refugiodelizara.com\/blog\/index.php?rest_route=\/wp\/v2\/types\/page"}],"author":[{"embeddable":true,"href":"https:\/\/www.refugiodelizara.com\/blog\/index.php?rest_route=\/wp\/v2\/users\/1"}],"replies":[{"embeddable":true,"href":"https:\/\/www.refugiodelizara.com\/blog\/index.php?rest_route=%2Fwp%2Fv2%2Fcomments&post=30"}],"version-history":[{"count":15,"href":"https:\/\/www.refugiodelizara.com\/blog\/index.php?rest_route=\/wp\/v2\/pages\/30\/revisions"}],"predecessor-version":[{"id":1605,"href":"https:\/\/www.refugiodelizara.com\/blog\/index.php?rest_route=\/wp\/v2\/pages\/30\/revisions\/1605"}],"wp:attachment":[{"href":"https:\/\/www.refugiodelizara.com\/blog\/index.php?rest_route=%2Fwp%2Fv2%2Fmedia&parent=30"}],"curies":[{"name":"wp","href":"https:\/\/api.w.org\/{rel}","templated":true}]}}