{"id":3,"date":"2008-12-09T11:43:26","date_gmt":"2008-12-09T10:43:26","guid":{"rendered":"http:\/\/www.refugiodelizara.com\/blog\/?page_id=3"},"modified":"2025-06-11T10:26:02","modified_gmt":"2025-06-11T09:26:02","slug":"actividades","status":"publish","type":"page","link":"https:\/\/www.refugiodelizara.com\/blog\/?page_id=3","title":{"rendered":"Actividades"},"content":{"rendered":"\n<p><strong><mark style=\"background-color:rgba(0, 0, 0, 0)\" class=\"has-inline-color has-blue-color\">Traves\u00edas de Senderismo:<\/mark><\/strong><\/p>\n\n\n\n<p><strong>Circular Canfranc &#8211; Lizara &#8211; Canfranc:<\/strong> <\/p>\n\n\n\n<div data-wp-interactive=\"core\/file\" class=\"wp-block-file\"><object data-wp-bind--hidden=\"!state.hasPdfPreview\" hidden class=\"wp-block-file__embed\" data=\"https:\/\/www.refugiodelizara.com\/blog\/wp-content\/uploads\/2023\/04\/Senderismo-Circular-Canfranc-Lizara-Canfranc.pdf\" type=\"application\/pdf\" style=\"width:100%;height:600px\" aria-label=\"Incrustado de Senderismo-Circular-Canfranc-Lizara-Canfranc.\"><\/object><a id=\"wp-block-file--media-fb5f03a8-14d0-46b5-aec7-06c9f2668fed\" href=\"https:\/\/www.refugiodelizara.com\/blog\/wp-content\/uploads\/2023\/04\/Senderismo-Circular-Canfranc-Lizara-Canfranc.pdf\">Senderismo-Circular-Canfranc-Lizara-Canfranc<\/a><a href=\"https:\/\/www.refugiodelizara.com\/blog\/wp-content\/uploads\/2023\/04\/Senderismo-Circular-Canfranc-Lizara-Canfranc.pdf\" class=\"wp-block-file__button wp-element-button\" download aria-describedby=\"wp-block-file--media-fb5f03a8-14d0-46b5-aec7-06c9f2668fed\">Descarga<\/a><\/div>\n\n\n\n<p><strong>Circular Candanchu &#8211; Lizara &#8211; Candanchu:<\/strong> <\/p>\n\n\n\n<div data-wp-interactive=\"core\/file\" class=\"wp-block-file\"><object data-wp-bind--hidden=\"!state.hasPdfPreview\" hidden class=\"wp-block-file__embed\" data=\"https:\/\/www.refugiodelizara.com\/blog\/wp-content\/uploads\/2023\/04\/Senderismo-Circular-GR11-Candanchu-Lizara-\u2013-Candanchu.pdf\" type=\"application\/pdf\" style=\"width:100%;height:600px\" aria-label=\"Incrustado de Senderismo-Circular-GR11-Candanchu-Lizara-\u2013-Candanchu.\"><\/object><a id=\"wp-block-file--media-fdce4b90-d886-4495-9d4f-e12906c78f90\" href=\"https:\/\/www.refugiodelizara.com\/blog\/wp-content\/uploads\/2023\/04\/Senderismo-Circular-GR11-Candanchu-Lizara-\u2013-Candanchu.pdf\">Senderismo-Circular-GR11-Candanchu-Lizara-\u2013-Candanchu<\/a><a href=\"https:\/\/www.refugiodelizara.com\/blog\/wp-content\/uploads\/2023\/04\/Senderismo-Circular-GR11-Candanchu-Lizara-\u2013-Candanchu.pdf\" class=\"wp-block-file__button wp-element-button\" download aria-describedby=\"wp-block-file--media-fdce4b90-d886-4495-9d4f-e12906c78f90\">Descarga<\/a><\/div>\n\n\n\n<p>Circular Refugio de Lizara &#8211; Ib\u00f3n de Estan\u00e9s &#8211; Collado de Secus &#8211; Refugio de Lizara<\/p>\n\n\n\n<div data-wp-interactive=\"core\/file\" class=\"wp-block-file\"><object data-wp-bind--hidden=\"!state.hasPdfPreview\" hidden class=\"wp-block-file__embed\" data=\"https:\/\/www.refugiodelizara.com\/blog\/wp-content\/uploads\/2025\/06\/Senderismo-Lizara-\u2013-Ibon-de-Estanes-Lizara.pdf\" type=\"application\/pdf\" style=\"width:100%;height:600px\" aria-label=\"Incrustado de Senderismo Lizara \u2013 Ib\u00f3n de Estan\u00e9s - Lizara.\"><\/object><a id=\"wp-block-file--media-5343258f-618c-4d73-8e2e-29e3c7189bf3\" href=\"https:\/\/www.refugiodelizara.com\/blog\/wp-content\/uploads\/2025\/06\/Senderismo-Lizara-\u2013-Ibon-de-Estanes-Lizara.pdf\">Senderismo Lizara \u2013 Ib\u00f3n de Estan\u00e9s &#8211; Lizara<\/a><a href=\"https:\/\/www.refugiodelizara.com\/blog\/wp-content\/uploads\/2025\/06\/Senderismo-Lizara-\u2013-Ibon-de-Estanes-Lizara.pdf\" class=\"wp-block-file__button wp-element-button\" download aria-describedby=\"wp-block-file--media-5343258f-618c-4d73-8e2e-29e3c7189bf3\">Descarga<\/a><\/div>\n\n\n\n<p><strong><mark style=\"background-color:rgba(0, 0, 0, 0)\" class=\"has-inline-color has-blue-color\">Bicicleta de carretera:<\/mark><\/strong><\/p>\n\n\n\n<p><strong>Circular Jaca &#8211; Arag\u00fces &#8211; Lizara &#8211; Jaca:<\/strong> <\/p>\n\n\n\n<div data-wp-interactive=\"core\/file\" class=\"wp-block-file\"><object data-wp-bind--hidden=\"!state.hasPdfPreview\" hidden class=\"wp-block-file__embed\" data=\"https:\/\/www.refugiodelizara.com\/blog\/wp-content\/uploads\/2023\/04\/Bici-de-carretera-Jaca-Aragues-Refugio-Lizara-\u2013-Jaca.pdf\" type=\"application\/pdf\" style=\"width:100%;height:600px\" aria-label=\"Incrustado de Bici-de-carretera-Jaca-Aragues-Refugio-Lizara-\u2013-Jaca.\"><\/object><a id=\"wp-block-file--media-f79ac414-28e3-4f2c-bc89-e691afac4aff\" href=\"https:\/\/www.refugiodelizara.com\/blog\/wp-content\/uploads\/2023\/04\/Bici-de-carretera-Jaca-Aragues-Refugio-Lizara-\u2013-Jaca.pdf\">Bici-de-carretera-Jaca-Aragues-Refugio-Lizara-\u2013-Jaca<\/a><a href=\"https:\/\/www.refugiodelizara.com\/blog\/wp-content\/uploads\/2023\/04\/Bici-de-carretera-Jaca-Aragues-Refugio-Lizara-\u2013-Jaca.pdf\" class=\"wp-block-file__button wp-element-button\" download aria-describedby=\"wp-block-file--media-f79ac414-28e3-4f2c-bc89-e691afac4aff\">Descarga<\/a><\/div>\n\n\n\n<p><strong>Circular Jaca &#8211; Pte. La reina &#8211; Arag\u00fces &#8211; Lizara &#8211; Jasa &#8211; Aisa &#8211; Jaca:<\/strong> <\/p>\n\n\n\n<div data-wp-interactive=\"core\/file\" class=\"wp-block-file\"><object data-wp-bind--hidden=\"!state.hasPdfPreview\" hidden class=\"wp-block-file__embed\" data=\"https:\/\/www.refugiodelizara.com\/blog\/wp-content\/uploads\/2023\/04\/Bici-de-carretera-Jaca-Pte.-La-Reina-Aragues-del-Puerto-Ref.-Lizara-Jasa-Aisa-Jaca.pdf\" type=\"application\/pdf\" style=\"width:100%;height:600px\" aria-label=\"Incrustado de Bici-de-carretera-Jaca-Pte.-La-Reina-Aragues-del-Puerto-Ref.-Lizara-Jasa-Aisa-Jaca.\"><\/object><a id=\"wp-block-file--media-287438c4-5dee-4d2c-8419-f794c07b7ec3\" href=\"https:\/\/www.refugiodelizara.com\/blog\/wp-content\/uploads\/2023\/04\/Bici-de-carretera-Jaca-Pte.-La-Reina-Aragues-del-Puerto-Ref.-Lizara-Jasa-Aisa-Jaca.pdf\">Bici-de-carretera-Jaca-Pte.-La-Reina-Aragues-del-Puerto-Ref.-Lizara-Jasa-Aisa-Jaca<\/a><a href=\"https:\/\/www.refugiodelizara.com\/blog\/wp-content\/uploads\/2023\/04\/Bici-de-carretera-Jaca-Pte.-La-Reina-Aragues-del-Puerto-Ref.-Lizara-Jasa-Aisa-Jaca.pdf\" class=\"wp-block-file__button wp-element-button\" download aria-describedby=\"wp-block-file--media-287438c4-5dee-4d2c-8419-f794c07b7ec3\">Descarga<\/a><\/div>\n\n\n\n<p><strong>Bicicleta de carretera &#8211; Condado de Arag\u00f3n:<\/strong><\/p>\n\n\n\n<div data-wp-interactive=\"core\/file\" class=\"wp-block-file\"><object data-wp-bind--hidden=\"!state.hasPdfPreview\" hidden class=\"wp-block-file__embed\" data=\"https:\/\/www.refugiodelizara.com\/blog\/wp-content\/uploads\/2023\/04\/Bici-de-carretera-Condado-de-Aragon.pdf\" type=\"application\/pdf\" style=\"width:100%;height:600px\" aria-label=\"Incrustado de Bici-de-carretera-Condado-de-Aragon.\"><\/object><a id=\"wp-block-file--media-6bcee130-9719-431f-8ea0-016b8f34e4ff\" href=\"https:\/\/www.refugiodelizara.com\/blog\/wp-content\/uploads\/2023\/04\/Bici-de-carretera-Condado-de-Aragon.pdf\">Bici-de-carretera-Condado-de-Aragon<\/a><a href=\"https:\/\/www.refugiodelizara.com\/blog\/wp-content\/uploads\/2023\/04\/Bici-de-carretera-Condado-de-Aragon.pdf\" class=\"wp-block-file__button wp-element-button\" download aria-describedby=\"wp-block-file--media-6bcee130-9719-431f-8ea0-016b8f34e4ff\">Descarga<\/a><\/div>\n\n\n\n<p><strong><mark style=\"background-color:rgba(0, 0, 0, 0)\" class=\"has-inline-color has-blue-color\">Bicicleta de monta\u00f1a:<\/mark><\/strong><\/p>\n\n\n\n<p><strong>Jaca &#8211; Lizara:<\/strong> <\/p>\n\n\n\n<div data-wp-interactive=\"core\/file\" class=\"wp-block-file\"><object data-wp-bind--hidden=\"!state.hasPdfPreview\" hidden class=\"wp-block-file__embed\" data=\"https:\/\/www.refugiodelizara.com\/blog\/wp-content\/uploads\/2023\/04\/Mountain-Bike-Jaca-Refugio-de-Lizara.pdf\" type=\"application\/pdf\" style=\"width:100%;height:600px\" aria-label=\"Incrustado de Mountain-Bike-Jaca-Refugio-de-Lizara.\"><\/object><a id=\"wp-block-file--media-fd929f55-ba09-44e9-bdfc-0574b8aa37d6\" href=\"https:\/\/www.refugiodelizara.com\/blog\/wp-content\/uploads\/2023\/04\/Mountain-Bike-Jaca-Refugio-de-Lizara.pdf\">Mountain-Bike-Jaca-Refugio-de-Lizara<\/a><a href=\"https:\/\/www.refugiodelizara.com\/blog\/wp-content\/uploads\/2023\/04\/Mountain-Bike-Jaca-Refugio-de-Lizara.pdf\" class=\"wp-block-file__button wp-element-button\" download aria-describedby=\"wp-block-file--media-fd929f55-ba09-44e9-bdfc-0574b8aa37d6\">Descarga<\/a><\/div>\n\n\n\n<p><strong>Jaca &#8211; Grosin &#8211; Borau- Aisa &#8211; Jasa &#8211; Lizara:<\/strong> <\/p>\n\n\n\n<div data-wp-interactive=\"core\/file\" class=\"wp-block-file\"><object data-wp-bind--hidden=\"!state.hasPdfPreview\" hidden class=\"wp-block-file__embed\" data=\"https:\/\/www.refugiodelizara.com\/blog\/wp-content\/uploads\/2023\/04\/Mountain-Bike-Jaca-Grosin-Borau-Aisa-Jasa-Refugio-de-Lizara.pdf\" type=\"application\/pdf\" style=\"width:100%;height:600px\" aria-label=\"Incrustado de Mountain-Bike-Jaca-Grosin-Borau-Aisa-Jasa-Refugio-de-Lizara.\"><\/object><a id=\"wp-block-file--media-6b326934-a9ca-4060-a93e-0b4961284048\" href=\"https:\/\/www.refugiodelizara.com\/blog\/wp-content\/uploads\/2023\/04\/Mountain-Bike-Jaca-Grosin-Borau-Aisa-Jasa-Refugio-de-Lizara.pdf\">Mountain-Bike-Jaca-Grosin-Borau-Aisa-Jasa-Refugio-de-Lizara<\/a><a href=\"https:\/\/www.refugiodelizara.com\/blog\/wp-content\/uploads\/2023\/04\/Mountain-Bike-Jaca-Grosin-Borau-Aisa-Jasa-Refugio-de-Lizara.pdf\" class=\"wp-block-file__button wp-element-button\" download aria-describedby=\"wp-block-file--media-6b326934-a9ca-4060-a93e-0b4961284048\">Descarga<\/a><\/div>\n\n\n\n<p><strong>Jasa &#8211; Cucuruzuelo &#8211; Mesola &#8211; Petrito &#8211; Lizara &#8211; Jasa:<\/strong>  <\/p>\n\n\n\n<div data-wp-interactive=\"core\/file\" class=\"wp-block-file\"><object data-wp-bind--hidden=\"!state.hasPdfPreview\" hidden class=\"wp-block-file__embed\" data=\"https:\/\/www.refugiodelizara.com\/blog\/wp-content\/uploads\/2023\/04\/Mountain-Bike-Jasa-\u2013-Cucuruzuelo-\u2013-Mesola-\u2013-Petrito-\u2013-Refugio-de-Lizara-Jasa.pdf\" type=\"application\/pdf\" style=\"width:100%;height:600px\" aria-label=\"Incrustado de Mountain-Bike-Jasa-\u2013-Cucuruzuelo-\u2013-Mesola-\u2013-Petrito-\u2013-Refugio-de-Lizara-Jasa.\"><\/object><a id=\"wp-block-file--media-1af0348f-ebb0-4e29-be5d-54ee9993b6d6\" href=\"https:\/\/www.refugiodelizara.com\/blog\/wp-content\/uploads\/2023\/04\/Mountain-Bike-Jasa-\u2013-Cucuruzuelo-\u2013-Mesola-\u2013-Petrito-\u2013-Refugio-de-Lizara-Jasa.pdf\">Mountain-Bike-Jasa-\u2013-Cucuruzuelo-\u2013-Mesola-\u2013-Petrito-\u2013-Refugio-de-Lizara-Jasa<\/a><a href=\"https:\/\/www.refugiodelizara.com\/blog\/wp-content\/uploads\/2023\/04\/Mountain-Bike-Jasa-\u2013-Cucuruzuelo-\u2013-Mesola-\u2013-Petrito-\u2013-Refugio-de-Lizara-Jasa.pdf\" class=\"wp-block-file__button wp-element-button\" download aria-describedby=\"wp-block-file--media-1af0348f-ebb0-4e29-be5d-54ee9993b6d6\">Descarga<\/a><\/div>\n\n\n\n<p><strong>Arag\u00fces &#8211; Aisa &#8211; Lizara &#8211; Arag\u00fces:<\/strong>  <\/p>\n\n\n\n<div data-wp-interactive=\"core\/file\" class=\"wp-block-file\"><object data-wp-bind--hidden=\"!state.hasPdfPreview\" hidden class=\"wp-block-file__embed\" data=\"https:\/\/www.refugiodelizara.com\/blog\/wp-content\/uploads\/2023\/04\/Mountain-Bike-Aragues-Aisa-Refugio-de-Lizara-Aragues.pdf\" type=\"application\/pdf\" style=\"width:100%;height:600px\" aria-label=\"Incrustado de Mountain-Bike-Aragues-Aisa-Refugio-de-Lizara-Aragues.\"><\/object><a id=\"wp-block-file--media-d8cab5e7-42d5-4fe2-a7d8-ada2c55fce06\" href=\"https:\/\/www.refugiodelizara.com\/blog\/wp-content\/uploads\/2023\/04\/Mountain-Bike-Aragues-Aisa-Refugio-de-Lizara-Aragues.pdf\">Mountain-Bike-Aragues-Aisa-Refugio-de-Lizara-Aragues<\/a><a href=\"https:\/\/www.refugiodelizara.com\/blog\/wp-content\/uploads\/2023\/04\/Mountain-Bike-Aragues-Aisa-Refugio-de-Lizara-Aragues.pdf\" class=\"wp-block-file__button wp-element-button\" download aria-describedby=\"wp-block-file--media-d8cab5e7-42d5-4fe2-a7d8-ada2c55fce06\">Descarga<\/a><\/div>\n\n\n<p><span style=\"color: #3366ff;\"><strong>Ascensiones: <\/strong><\/span><br \/>Bisaurin, Sec\u00fas, Llena del bozo, Napazal, Bernera, Aspe\u2026..<\/p>\n<p><span style=\"color: #3366ff;\"><strong>Barrancos: <\/strong><\/span><br \/>Barranco del Oso, Cabecera del Os\u00eda\u2026..<\/p>\n<p><span style=\"color: #3366ff;\"><strong>Espeleolog\u00eda: <\/strong><\/span><\/p>\n<p>Para conseguir informaci\u00f3n de las simas que hay en la zona os pod\u00e9is dirigir a la siguiente direcci\u00f3n:<\/p>\n<p><a href=\"http:\/\/www.espeleobloc.blogspot.com\">http:\/\/www.espeleobloc.blogspot.com<\/a><\/p>\n<p><span style=\"color: #3366ff;\"><strong>Espacio N\u00f3rdico Lizara:<\/strong><\/span><\/p>\n<p><a href=\"http:\/\/www.refugiodelizara.com\/blog\/wp-content\/uploads\/2010\/04\/plano-pistas-lizara.jpg\"><img loading=\"lazy\" decoding=\"async\" class=\"alignnone  wp-image-422\" title=\"plano-pistas-lizara\" src=\"http:\/\/www.refugiodelizara.com\/blog\/wp-content\/uploads\/2010\/04\/plano-pistas-lizara-300x213.jpg\" alt=\"\" width=\"340\" height=\"241\" srcset=\"https:\/\/www.refugiodelizara.com\/blog\/wp-content\/uploads\/2010\/04\/plano-pistas-lizara-300x213.jpg 300w, https:\/\/www.refugiodelizara.com\/blog\/wp-content\/uploads\/2010\/04\/plano-pistas-lizara.jpg 690w\" sizes=\"auto, (max-width: 340px) 100vw, 340px\" \/><\/a><\/p>\n<p>Plano de la situaci\u00f3n de las pistas de fondo de Lizara.<\/p>\n<p><span style=\"color: #3366ff;\"><strong>Escalada: <\/strong><\/span><br \/>Zona de la chorrota, zona de la cueva, zona de la Ordelca\u2026.Disponemos de libro de rese\u00f1as y de libros de escalada del valle.<\/p>\n<p><!-- [if gte mso 10]> <mce :style>< !\n\/* Style Definitions *\/\ntable.MsoNormalTable\n{mso-style-name:\"Tabla normal\";\nmso-tstyle-rowband-size:0;\nmso-tstyle-colband-size:0;\nmso-style-noshow:yes;\nmso-style-parent:\"\";\nmso-padding-alt:0cm 5.4pt 0cm 5.4pt;\nmso-para-margin:0cm;\nmso-para-margin-bottom:.0001pt;\nmso-pagination:widow-orphan;\nfont-size:10.0pt;\nfont-family:\"Times New Roman\";\nmso-ansi-language:#0400;\nmso-fareast-language:#0400;\nmso-bidi-language:#0400;}\n> < ! [endif] >\n\n\n\n\n\n\n\n\n\n\n\n\n\n\n\n\n\n\n\n\n<p class=\"MsoNormal\">En el llano de Lizara, justo a la derecha del refugio se encuentran las pistas de esqui de fondo.<\/p>\n\n\n\n\n\n\n\n\n\n\n\n\n\n\n\n\n\n\n\n\n\n\n\n\n\n\n\n\n\n\n\n\n\n\n\n\n\n\n\n\n<p class=\"MsoNormal\">Desde Diciembre hasta abril, siempre que la nieve y el tiempo lo permiten se abren las pistas.<\/p>\n\n\n\n\n\n\n\n\n\n\n\n\n\n\n\n\n\n\n\n\n\n\n\n\n\n\n\n\n\n\n\n\n\n\n\n\n\n\n\n\n<p class=\"MsoNormal\">Son entre 3 y 5  km de pista entre el refugio y la Chorrota ( cascada que hay al final del llano).<\/p>\n\n\n\n\n\n\n\n\n\n\n\n\n\n\n\n\n\n\n\n\n\n\n\n\n\n\n\n\n\n\n\n\n\n\n\n\n\n\n\n\n<p class=\"MsoNormal\"><a href=\"http:\/\/www.refugiodelizara.com\/blog\/wp-content\/uploads\/2008\/12\/plano-pistas-lizara1.jpg\" mce_href=\"http:\/\/www.refugiodelizara.com\/blog\/wp-content\/uploads\/2008\/12\/plano-pistas-lizara1.jpg\"><img loading=\"lazy\" decoding=\"async\" class=\"alignnone size-medium wp-image-87\" title=\"plano-pistas-lizara1\" src=\"http:\/\/www.refugiodelizara.com\/blog\/wp-content\/uploads\/2008\/12\/plano-pistas-lizara1-300x213.jpg\" mce_src=\"http:\/\/www.refugiodelizara.com\/blog\/wp-content\/uploads\/2008\/12\/plano-pistas-lizara1-300x213.jpg\" alt=\"\" width=\"300\" height=\"213\" srcset=\"https:\/\/www.refugiodelizara.com\/blog\/wp-content\/uploads\/2008\/12\/plano-pistas-lizara1-300x213.jpg 300w, https:\/\/www.refugiodelizara.com\/blog\/wp-content\/uploads\/2008\/12\/plano-pistas-lizara1.jpg 690w\" sizes=\"auto, (max-width: 300px) 100vw, 300px\" \/><\/a><\/p>\n\n\n\n\n\n\n\n\n\n\n\n\n\n\n\n\n\n\n\n\n\n\n\n\n\n\n\n\n\n\n\n\n\n\n\n\n\n\n\n\n\n<p class=\"MsoNormal\">\n<\/p>\n\n\n\n\n\n\n\n\n\n\n\n\n\n\n\n\n\n\n\n\n\n\n\n\n\n\n\n\n\n\n\n\n\n\n\n\n\n\n\n<p class=\"MsoNormal\"><b>Esqui de Traves\u00eda:<\/b><\/p>\n\n\n\n\n\n\n\n\n\n\n\n\n\n\n\n\n\n\n\n\n\n<b>Bisaur\u00edn<\/b> (2670)\n\nPor el collado del forat\u00f3n\n\n<a href=\"http:\/\/www.refugiodelizara.com\/blog\/wp-content\/uploads\/2008\/12\/subiendo-al-collado-del-foraton.jpg\" mce_href=\"http:\/\/www.refugiodelizara.com\/blog\/wp-content\/uploads\/2008\/12\/subiendo-al-collado-del-foraton.jpg\"><img loading=\"lazy\" decoding=\"async\" class=\"alignnone size-medium wp-image-103\" title=\"subiendo-al-collado-del-foraton\" src=\"http:\/\/www.refugiodelizara.com\/blog\/wp-content\/uploads\/2008\/12\/subiendo-al-collado-del-foraton-300x225.jpg\" mce_src=\"http:\/\/www.refugiodelizara.com\/blog\/wp-content\/uploads\/2008\/12\/subiendo-al-collado-del-foraton-300x225.jpg\" alt=\"\" width=\"300\" height=\"225\" srcset=\"https:\/\/www.refugiodelizara.com\/blog\/wp-content\/uploads\/2008\/12\/subiendo-al-collado-del-foraton-300x225.jpg 300w, https:\/\/www.refugiodelizara.com\/blog\/wp-content\/uploads\/2008\/12\/subiendo-al-collado-del-foraton.jpg 640w\" sizes=\"auto, (max-width: 300px) 100vw, 300px\" \/><\/a>\n\n<a href=\"http:\/\/www.refugiodelizara.com\/blog\/wp-content\/uploads\/2008\/12\/subiendo-al-bisaurin.jpg\" mce_href=\"http:\/\/www.refugiodelizara.com\/blog\/wp-content\/uploads\/2008\/12\/subiendo-al-bisaurin.jpg\"><img loading=\"lazy\" decoding=\"async\" class=\"alignnone size-medium wp-image-104\" title=\"subiendo-al-bisaurin\" src=\"http:\/\/www.refugiodelizara.com\/blog\/wp-content\/uploads\/2008\/12\/subiendo-al-bisaurin-300x225.jpg\" mce_src=\"http:\/\/www.refugiodelizara.com\/blog\/wp-content\/uploads\/2008\/12\/subiendo-al-bisaurin-300x225.jpg\" alt=\"\" width=\"300\" height=\"225\" srcset=\"https:\/\/www.refugiodelizara.com\/blog\/wp-content\/uploads\/2008\/12\/subiendo-al-bisaurin-300x225.jpg 300w, https:\/\/www.refugiodelizara.com\/blog\/wp-content\/uploads\/2008\/12\/subiendo-al-bisaurin.jpg 640w\" sizes=\"auto, (max-width: 300px) 100vw, 300px\" \/><\/a>\n\nPor el collado de Sec\u00fas\n\n<b>Puntal Alto de lo Forat\u00f3n <\/b>(2116)\n\n<b>Punta napazal <\/b>(2128)\n\n<a href=\"http:\/\/www.refugiodelizara.com\/blog\/wp-content\/uploads\/2008\/12\/napazal.jpg\" mce_href=\"http:\/\/www.refugiodelizara.com\/blog\/wp-content\/uploads\/2008\/12\/napazal.jpg\"><img loading=\"lazy\" decoding=\"async\" class=\"alignnone size-medium wp-image-99\" title=\"Napazal\" src=\"http:\/\/www.refugiodelizara.com\/blog\/wp-content\/uploads\/2008\/12\/napazal-300x199.jpg\" mce_src=\"http:\/\/www.refugiodelizara.com\/blog\/wp-content\/uploads\/2008\/12\/napazal-300x199.jpg\" alt=\"\" width=\"300\" height=\"199\" srcset=\"https:\/\/www.refugiodelizara.com\/blog\/wp-content\/uploads\/2008\/12\/napazal-300x199.jpg 300w, https:\/\/www.refugiodelizara.com\/blog\/wp-content\/uploads\/2008\/12\/napazal.jpg 448w\" sizes=\"auto, (max-width: 300px) 100vw, 300px\" \/><\/a>\n\nPunta Napazal< --><\/mce><\/p>\n\n\n<figure class=\"wp-block-image size-large is-resized\"><a href=\"https:\/\/www.refugiodelizara.com\/blog\/wp-content\/uploads\/2023\/04\/CHIMENEA-DEL-ESTRATOcroquis.jpg\"><img loading=\"lazy\" decoding=\"async\" width=\"744\" height=\"1024\" src=\"https:\/\/www.refugiodelizara.com\/blog\/wp-content\/uploads\/2023\/04\/CHIMENEA-DEL-ESTRATOcroquis-744x1024.jpg\" alt=\"\" class=\"wp-image-1627\" style=\"width:339px;height:467px\" srcset=\"https:\/\/www.refugiodelizara.com\/blog\/wp-content\/uploads\/2023\/04\/CHIMENEA-DEL-ESTRATOcroquis-744x1024.jpg 744w, https:\/\/www.refugiodelizara.com\/blog\/wp-content\/uploads\/2023\/04\/CHIMENEA-DEL-ESTRATOcroquis-218x300.jpg 218w, https:\/\/www.refugiodelizara.com\/blog\/wp-content\/uploads\/2023\/04\/CHIMENEA-DEL-ESTRATOcroquis-768x1057.jpg 768w, https:\/\/www.refugiodelizara.com\/blog\/wp-content\/uploads\/2023\/04\/CHIMENEA-DEL-ESTRATOcroquis-1116x1536.jpg 1116w, https:\/\/www.refugiodelizara.com\/blog\/wp-content\/uploads\/2023\/04\/CHIMENEA-DEL-ESTRATOcroquis.jpg 1163w\" sizes=\"auto, (max-width: 744px) 100vw, 744px\" \/><\/a><figcaption class=\"wp-element-caption\">Chimenea del Estrato<\/figcaption><\/figure>\n\n\n\n<figure class=\"wp-block-image size-large is-resized\"><a href=\"https:\/\/www.refugiodelizara.com\/blog\/wp-content\/uploads\/2023\/04\/croquis-balellaza.jpeg\"><img loading=\"lazy\" decoding=\"async\" width=\"745\" height=\"1024\" src=\"https:\/\/www.refugiodelizara.com\/blog\/wp-content\/uploads\/2023\/04\/croquis-balellaza-745x1024.jpeg\" alt=\"\" class=\"wp-image-1629\" style=\"width:338px;height:464px\" srcset=\"https:\/\/www.refugiodelizara.com\/blog\/wp-content\/uploads\/2023\/04\/croquis-balellaza-745x1024.jpeg 745w, https:\/\/www.refugiodelizara.com\/blog\/wp-content\/uploads\/2023\/04\/croquis-balellaza-218x300.jpeg 218w, https:\/\/www.refugiodelizara.com\/blog\/wp-content\/uploads\/2023\/04\/croquis-balellaza-768x1056.jpeg 768w, https:\/\/www.refugiodelizara.com\/blog\/wp-content\/uploads\/2023\/04\/croquis-balellaza-1117x1536.jpeg 1117w, https:\/\/www.refugiodelizara.com\/blog\/wp-content\/uploads\/2023\/04\/croquis-balellaza-1489x2048.jpeg 1489w, https:\/\/www.refugiodelizara.com\/blog\/wp-content\/uploads\/2023\/04\/croquis-balellaza.jpeg 1700w\" sizes=\"auto, (max-width: 745px) 100vw, 745px\" \/><\/a><figcaption class=\"wp-element-caption\">Agullas de la Balellaza<\/figcaption><\/figure>\n","protected":false},"excerpt":{"rendered":"<p>Traves\u00edas de Senderismo: Circular Canfranc &#8211; Lizara &#8211; Canfranc: Circular Candanchu &#8211; Lizara &#8211; Candanchu: Circular Refugio de Lizara &#8211; Ib\u00f3n de Estan\u00e9s &#8211; Collado de Secus &#8211; Refugio de Lizara Bicicleta de carretera: Circular Jaca &#8211; Arag\u00fces &#8211; Lizara &hellip; <a href=\"https:\/\/www.refugiodelizara.com\/blog\/?page_id=3\">Sigue leyendo <span class=\"meta-nav\">&rarr;<\/span><\/a><\/p>\n","protected":false},"author":1,"featured_media":0,"parent":0,"menu_order":0,"comment_status":"open","ping_status":"open","template":"","meta":{"_monsterinsights_skip_tracking":false,"_monsterinsights_sitenote_active":false,"_monsterinsights_sitenote_note":"","_monsterinsights_sitenote_category":0,"footnotes":"","_links_to":"","_links_to_target":""},"class_list":["post-3","page","type-page","status-publish","hentry"],"aioseo_notices":[],"_links":{"self":[{"href":"https:\/\/www.refugiodelizara.com\/blog\/index.php?rest_route=\/wp\/v2\/pages\/3","targetHints":{"allow":["GET"]}}],"collection":[{"href":"https:\/\/www.refugiodelizara.com\/blog\/index.php?rest_route=\/wp\/v2\/pages"}],"about":[{"href":"https:\/\/www.refugiodelizara.com\/blog\/index.php?rest_route=\/wp\/v2\/types\/page"}],"author":[{"embeddable":true,"href":"https:\/\/www.refugiodelizara.com\/blog\/index.php?rest_route=\/wp\/v2\/users\/1"}],"replies":[{"embeddable":true,"href":"https:\/\/www.refugiodelizara.com\/blog\/index.php?rest_route=%2Fwp%2Fv2%2Fcomments&post=3"}],"version-history":[{"count":31,"href":"https:\/\/www.refugiodelizara.com\/blog\/index.php?rest_route=\/wp\/v2\/pages\/3\/revisions"}],"predecessor-version":[{"id":1708,"href":"https:\/\/www.refugiodelizara.com\/blog\/index.php?rest_route=\/wp\/v2\/pages\/3\/revisions\/1708"}],"wp:attachment":[{"href":"https:\/\/www.refugiodelizara.com\/blog\/index.php?rest_route=%2Fwp%2Fv2%2Fmedia&parent=3"}],"curies":[{"name":"wp","href":"https:\/\/api.w.org\/{rel}","templated":true}]}}