{"id":1120,"date":"2013-09-18T20:14:02","date_gmt":"2013-09-18T19:14:02","guid":{"rendered":"http:\/\/www.refugiodelizara.com\/blog\/?page_id=1120"},"modified":"2023-10-19T12:48:39","modified_gmt":"2023-10-19T11:48:39","slug":"las-rutas-de-haitz","status":"publish","type":"page","link":"https:\/\/www.refugiodelizara.com\/blog\/?page_id=1120","title":{"rendered":"Haitz"},"content":{"rendered":"<p>Haitz se ha ido, ha compartido con nosotros muchos d\u00edas y noches, nos ha regalado su compa\u00f1\u00eda y su cari\u00f1o, con vosotros muchos Bisaurines.<\/p>\n<p>Ahora formar\u00e1 parte de Lizara para siempre.<\/p>\n<p>Te echaremos mucho de menos Haitz y estar\u00e1s siempre en nuestro corazones.<\/p>\n<p><a href=\"http:\/\/www.refugiodelizara.com\/blog\/wp-content\/uploads\/2013\/09\/Huella-Perro.jpg\"><img loading=\"lazy\" decoding=\"async\" class=\"wp-image-1194 alignleft\" title=\"Huella Perro\" src=\"http:\/\/www.refugiodelizara.com\/blog\/wp-content\/uploads\/2013\/09\/Huella-Perro.jpg\" alt=\"\" width=\"56\" height=\"67\" \/><\/a>Un saludo amigos.\u00a0\u00a0\u00a0\u00a0\u00a0\u00a0\u00a0\u00a0\u00a0\u00a0 <a href=\"http:\/\/www.refugiodelizara.com\/blog\/wp-content\/uploads\/2013\/09\/P8250099.jpg\"><img loading=\"lazy\" decoding=\"async\" class=\"aligncenter  wp-image-1198\" title=\"OLYMPUS DIGITAL CAMERA\" src=\"http:\/\/www.refugiodelizara.com\/blog\/wp-content\/uploads\/2013\/09\/P8250099-300x225.jpg\" alt=\"\" width=\"334\" height=\"250\" srcset=\"https:\/\/www.refugiodelizara.com\/blog\/wp-content\/uploads\/2013\/09\/P8250099-300x225.jpg 300w, https:\/\/www.refugiodelizara.com\/blog\/wp-content\/uploads\/2013\/09\/P8250099-1024x768.jpg 1024w\" sizes=\"auto, (max-width: 334px) 100vw, 334px\" \/><\/a><\/p>\n<p>1.- VUELTA AL PICO BISAURIN POR SECUS<\/p>\n<p>2.-<a href=\"http:\/\/es.wikiloc.com\/wikiloc\/spatialArtifacts.do?event=setCurrentSpatialArtifact&amp;id=5271227\" target=\"_blank\" rel=\"noopener\">VUELTA AL MACIZO DE BERNERA<\/a><\/p>\n<p>3.-<a href=\"http:\/\/es.wikiloc.com\/wikiloc\/spatialArtifacts.do?event=setCurrentSpatialArtifact&amp;id=5271204\" target=\"_blank\" rel=\"noopener\">VUELTA AL BISAURIN POR ESTANES<\/a><\/p>\n<p>4.-<a href=\"http:\/\/es.wikiloc.com\/wikiloc\/view.do?id=5271335\" target=\"_blank\" rel=\"noopener\">II MARCHA SENDERISTA DE LIZARA <\/a><\/p>\n","protected":false},"excerpt":{"rendered":"<p>Haitz se ha ido, ha compartido con nosotros muchos d\u00edas y noches, nos ha regalado su compa\u00f1\u00eda y su cari\u00f1o, con vosotros muchos Bisaurines. Ahora formar\u00e1 parte de Lizara para siempre. Te echaremos mucho de menos Haitz y estar\u00e1s siempre &hellip; <a href=\"https:\/\/www.refugiodelizara.com\/blog\/?page_id=1120\">Sigue leyendo <span class=\"meta-nav\">&rarr;<\/span><\/a><\/p>\n","protected":false},"author":2,"featured_media":0,"parent":0,"menu_order":0,"comment_status":"closed","ping_status":"open","template":"","meta":{"_monsterinsights_skip_tracking":false,"_monsterinsights_sitenote_active":false,"_monsterinsights_sitenote_note":"","_monsterinsights_sitenote_category":0,"footnotes":"","_links_to":"","_links_to_target":""},"class_list":["post-1120","page","type-page","status-publish","hentry"],"aioseo_notices":[],"_links":{"self":[{"href":"https:\/\/www.refugiodelizara.com\/blog\/index.php?rest_route=\/wp\/v2\/pages\/1120","targetHints":{"allow":["GET"]}}],"collection":[{"href":"https:\/\/www.refugiodelizara.com\/blog\/index.php?rest_route=\/wp\/v2\/pages"}],"about":[{"href":"https:\/\/www.refugiodelizara.com\/blog\/index.php?rest_route=\/wp\/v2\/types\/page"}],"author":[{"embeddable":true,"href":"https:\/\/www.refugiodelizara.com\/blog\/index.php?rest_route=\/wp\/v2\/users\/2"}],"replies":[{"embeddable":true,"href":"https:\/\/www.refugiodelizara.com\/blog\/index.php?rest_route=%2Fwp%2Fv2%2Fcomments&post=1120"}],"version-history":[{"count":6,"href":"https:\/\/www.refugiodelizara.com\/blog\/index.php?rest_route=\/wp\/v2\/pages\/1120\/revisions"}],"predecessor-version":[{"id":1656,"href":"https:\/\/www.refugiodelizara.com\/blog\/index.php?rest_route=\/wp\/v2\/pages\/1120\/revisions\/1656"}],"wp:attachment":[{"href":"https:\/\/www.refugiodelizara.com\/blog\/index.php?rest_route=%2Fwp%2Fv2%2Fmedia&parent=1120"}],"curies":[{"name":"wp","href":"https:\/\/api.w.org\/{rel}","templated":true}]}}